{"id":2,"date":"2025-07-29T18:01:57","date_gmt":"2025-07-29T18:01:57","guid":{"rendered":"https:\/\/buendnis-haltet-inne.de\/?page_id=2"},"modified":"2025-08-06T14:14:16","modified_gmt":"2025-08-06T14:14:16","slug":"sample-page","status":"publish","type":"page","link":"https:\/\/buendnis-haltet-inne.de\/index.php\/sample-page\/","title":{"rendered":"Mission Statement"},"content":{"rendered":"\n<p>Wir, die B\u00fcrgerinitiativen, Natur- und Landschaftsschutzvereine in Bayern und den angrenzenden Bundesl\u00e4ndern schlie\u00dfen uns im B\u00fcndnis \u201eHALTET INNE \u2013 Windkraft braucht Grenzen\u201c zusammen, um unsere Stimme f\u00fcr den Natur-, Landschafts- und Artenschutz, Lebensqualit\u00e4t und demokratische Beteiligung zu erheben. Gemeinsam stehen wir f\u00fcr eine Energiepolitik, die auf Augenma\u00df, ideologiefreie Wissenschaftlichkeit, gesellschaftliche Ausgewogenheit und Mitsprache setzt.<\/p>\n\n\n\n<p>Angesichts der gegenw\u00e4rtig \u00fcbereilten Regionalplanungen fordern wir ein <strong><u>sofortiges Moratorium<\/u><\/strong> \u00fcber den weiteren Ausbau der Windkraftanlagen an Land. Dieses Innehalten ist notwendig, um zu pr\u00fcfen und neu zu bewerten: naturwissenschaftlich fundiert, rechtlich sauber, sozial vertr\u00e4glich und mit echter demokratischer Beteiligung.<\/p>\n\n\n\n<p>Wir beobachten mit Sorge, wie unter dem Druck politischer und \u00fcberholter Zielvorgaben gro\u00dffl\u00e4chige Windkraft-Vorranggebiete ausgewiesen werden, ohne dass grundlegende Fragen zu Natur-, Wald-, Wasser- und Artenschutz, Landschaftsbild, Gesundheitsfolgen und aktueller wirtschaftlicher Sinnhaftigkeit ausreichend gepr\u00fcft w\u00e4ren. Die derzeitige Praxis gef\u00e4hrdet naturnahe Lebensr\u00e4ume und kostet viele Milliarden Euro, die an anderen Stellen dringend gebraucht werden. Dadurch wird das Vertrauen in politische Entscheidungsprozesse empfindlich gest\u00f6rt.<\/p>\n\n\n\n<p>Dieses Moratorium ist in erster Linie eine Aufforderung zum Perspektivwechsel in der bisherigen Energiewende. Wir setzen uns ein f\u00fcr eine faire, offene und sachorientierte Debatte, die Alternativen einbezieht und bestehende Planungen auf ihre Nachhaltigkeit, Versorgungssicherheit und Wirtschaftlichkeit hin \u00fcberpr\u00fcft.<\/p>\n\n\n\n<p><strong>Unsere Ziele:<\/strong><\/p>\n\n\n\n<ul class=\"wp-block-list\">\n<li>Neubewertung der Energiepolitik<\/li>\n\n\n\n<li>Erhalt von Natur- und Kulturlandschaften<\/li>\n\n\n\n<li>Schutz von Mensch, Tier und Lebensqualit\u00e4t<\/li>\n\n\n\n<li>Respekt vor demokratischen Rechten und regionaler Selbstbestimmung<\/li>\n\n\n\n<li>St\u00e4rkung wissenschaftlich fundierter Entscheidungsprozesse<\/li>\n\n\n\n<li>Langfristige Gestaltung einer Energiewende &#8211; \u00f6kologisch, \u00f6konomisch, sozial tragf\u00e4hig<\/li>\n<\/ul>\n\n\n\n<p>Wir rufen Politik, Verwaltung und \u00d6ffentlichkeit auf:<\/p>\n\n\n\n<p><strong>Haltet umgehend inne! &nbsp;&#8211;&nbsp; Pr\u00fcft transparent nach! &nbsp;&#8211;&nbsp; Handelt verantwortungsvoll!<\/strong><\/p>\n\n\n\n<p>Juni 2025<\/p>\n","protected":false},"excerpt":{"rendered":"<p>Wir, die B\u00fcrgerinitiativen, Natur- und Landschaftsschutzvereine in Bayern und den angrenzenden Bundesl\u00e4ndern schlie\u00dfen uns im B\u00fcndnis \u201eHALTET INNE \u2013 Windkraft braucht Grenzen\u201c zusammen, um unsere Stimme f\u00fcr den Natur-, Landschafts- und Artenschutz, Lebensqualit\u00e4t und demokratische Beteiligung zu erheben. Gemeinsam stehen wir f\u00fcr eine Energiepolitik, die auf Augenma\u00df, ideologiefreie Wissenschaftlichkeit, gesellschaftliche Ausgewogenheit und Mitsprache setzt. Angesichts [&hellip;]<\/p>\n","protected":false},"author":1,"featured_media":0,"parent":0,"menu_order":0,"comment_status":"closed","ping_status":"closed","template":"","meta":{"footnotes":""},"class_list":["post-2","page","type-page","status-publish","hentry"],"_links":{"self":[{"href":"https:\/\/buendnis-haltet-inne.de\/index.php\/wp-json\/wp\/v2\/pages\/2","targetHints":{"allow":["GET"]}}],"collection":[{"href":"https:\/\/buendnis-haltet-inne.de\/index.php\/wp-json\/wp\/v2\/pages"}],"about":[{"href":"https:\/\/buendnis-haltet-inne.de\/index.php\/wp-json\/wp\/v2\/types\/page"}],"author":[{"embeddable":true,"href":"https:\/\/buendnis-haltet-inne.de\/index.php\/wp-json\/wp\/v2\/users\/1"}],"replies":[{"embeddable":true,"href":"https:\/\/buendnis-haltet-inne.de\/index.php\/wp-json\/wp\/v2\/comments?post=2"}],"version-history":[{"count":4,"href":"https:\/\/buendnis-haltet-inne.de\/index.php\/wp-json\/wp\/v2\/pages\/2\/revisions"}],"predecessor-version":[{"id":63,"href":"https:\/\/buendnis-haltet-inne.de\/index.php\/wp-json\/wp\/v2\/pages\/2\/revisions\/63"}],"wp:attachment":[{"href":"https:\/\/buendnis-haltet-inne.de\/index.php\/wp-json\/wp\/v2\/media?parent=2"}],"curies":[{"name":"wp","href":"https:\/\/api.w.org\/{rel}","templated":true}]}}