{"id":19,"date":"2025-07-29T18:42:43","date_gmt":"2025-07-29T18:42:43","guid":{"rendered":"https:\/\/buendnis-haltet-inne.de\/?page_id=19"},"modified":"2025-08-06T14:26:15","modified_gmt":"2025-08-06T14:26:15","slug":"19-2","status":"publish","type":"page","link":"https:\/\/buendnis-haltet-inne.de\/","title":{"rendered":"Startseite"},"content":{"rendered":"\n<div class=\"wp-block-cover alignfull has-custom-content-position is-position-bottom-center\" style=\"margin-top:0;margin-bottom:0;padding-top:var(--wp--preset--spacing--50);padding-right:var(--wp--preset--spacing--50);padding-bottom:var(--wp--preset--spacing--50);padding-left:var(--wp--preset--spacing--50);min-height:840px;aspect-ratio:unset;\"><img loading=\"lazy\" decoding=\"async\" width=\"1024\" height=\"683\" class=\"wp-block-cover__image-background wp-image-8 size-large\" alt=\"\" src=\"https:\/\/buendnis-haltet-inne.de\/wp-content\/uploads\/2025\/07\/field-3379250_1920-1024x683.jpg\" data-object-fit=\"cover\" srcset=\"https:\/\/buendnis-haltet-inne.de\/wp-content\/uploads\/2025\/07\/field-3379250_1920-1024x683.jpg 1024w, https:\/\/buendnis-haltet-inne.de\/wp-content\/uploads\/2025\/07\/field-3379250_1920-300x200.jpg 300w, https:\/\/buendnis-haltet-inne.de\/wp-content\/uploads\/2025\/07\/field-3379250_1920-768x512.jpg 768w, https:\/\/buendnis-haltet-inne.de\/wp-content\/uploads\/2025\/07\/field-3379250_1920-1536x1024.jpg 1536w, https:\/\/buendnis-haltet-inne.de\/wp-content\/uploads\/2025\/07\/field-3379250_1920.jpg 1920w\" sizes=\"auto, (max-width: 1024px) 100vw, 1024px\" \/><span aria-hidden=\"true\" class=\"wp-block-cover__background has-background-dim-10 has-background-dim\"><\/span><div class=\"wp-block-cover__inner-container has-global-padding is-layout-constrained wp-container-core-cover-is-layout-d89aad35 wp-block-cover-is-layout-constrained\">\n<div class=\"wp-block-group alignwide has-global-padding is-content-justification-left is-layout-constrained wp-container-core-group-is-layout-12dd3699 wp-block-group-is-layout-constrained\">\n<h2 class=\"wp-block-heading has-text-align-left has-xx-large-font-size\">B\u00fcndnis Haltet Inne<\/h2>\n\n\n\n<p>Wir erheben unsere Stimme f\u00fcr den Natur-, Landschafts- und Artenschutz, f\u00fcr Lebensqualit\u00e4t und demokratischer Beteiligung.<\/p>\n\n\n\n<div class=\"wp-block-buttons is-layout-flex wp-block-buttons-is-layout-flex\">\n<div class=\"wp-block-button\"><a class=\"wp-block-button__link wp-element-button\" href=\"https:\/\/buendnis-haltet-inne.de\/index.php\/sample-page\/\">mehr Information<\/a><\/div>\n<\/div>\n<\/div>\n<\/div><\/div>\n\n\n\n<div class=\"wp-block-group alignfull is-style-section-5 has-global-padding is-layout-constrained wp-block-group-is-layout-constrained is-style-section-5--1\" style=\"margin-top:0;margin-bottom:0;padding-top:var(--wp--preset--spacing--50);padding-bottom:var(--wp--preset--spacing--50)\">\n<div class=\"wp-block-columns alignwide is-layout-flex wp-container-core-columns-is-layout-7ee84d44 wp-block-columns-is-layout-flex\">\n<div class=\"wp-block-column is-vertically-aligned-center is-layout-flow wp-block-column-is-layout-flow\" style=\"flex-basis:50%\">\n<h2 class=\"wp-block-heading\">Energiewende mit Verantwortung<\/h2>\n\n\n\n<p class=\"has-medium-font-size\">Die Energiewende ist ein entscheidender Schritt in Richtung einer nachhaltigen Zukunft, doch sie muss mit Bedacht und Verantwortung umgesetzt werden. W\u00e4hrend wir uns f\u00fcr saubere Energiequellen einsetzen, d\u00fcrfen wir nicht die Augen vor den Auswirkungen auf unsere Natur verschlie\u00dfen. Es ist von gr\u00f6\u00dfter Bedeutung, dass wir die Sch\u00f6nheit und Vielfalt unserer Landschaften bewahren und gleichzeitig sicherstellen, dass der Ausbau erneuerbarer Energien im Einklang mit dem Schutz unserer \u00d6kosysteme und der Artenvielfalt steht. Nur so k\u00f6nnen wir eine wirklich nachhaltige und lebenswerte Umwelt f\u00fcr zuk\u00fcnftige Generationen schaffen.<\/p>\n<\/div>\n\n\n\n<div class=\"wp-block-column is-vertically-aligned-center is-layout-flow wp-block-column-is-layout-flow\" style=\"flex-basis:50%\">\n<figure class=\"wp-block-image size-full\"><img loading=\"lazy\" decoding=\"async\" width=\"1920\" height=\"1277\" src=\"https:\/\/buendnis-haltet-inne.de\/wp-content\/uploads\/2025\/07\/wind-turbine-3709111_1920-Kopie.jpg\" alt=\"\" class=\"wp-image-20\" style=\"aspect-ratio:1;object-fit:cover\" srcset=\"https:\/\/buendnis-haltet-inne.de\/wp-content\/uploads\/2025\/07\/wind-turbine-3709111_1920-Kopie.jpg 1920w, https:\/\/buendnis-haltet-inne.de\/wp-content\/uploads\/2025\/07\/wind-turbine-3709111_1920-Kopie-300x200.jpg 300w, https:\/\/buendnis-haltet-inne.de\/wp-content\/uploads\/2025\/07\/wind-turbine-3709111_1920-Kopie-1024x681.jpg 1024w, https:\/\/buendnis-haltet-inne.de\/wp-content\/uploads\/2025\/07\/wind-turbine-3709111_1920-Kopie-768x511.jpg 768w, https:\/\/buendnis-haltet-inne.de\/wp-content\/uploads\/2025\/07\/wind-turbine-3709111_1920-Kopie-1536x1022.jpg 1536w\" sizes=\"auto, (max-width: 1920px) 100vw, 1920px\" \/><\/figure>\n<\/div>\n<\/div>\n<\/div>\n\n\n\n<div class=\"wp-block-group alignfull has-global-padding is-layout-constrained wp-block-group-is-layout-constrained\" style=\"margin-top:0;margin-bottom:0\">\n<div class=\"wp-block-group alignwide is-layout-grid wp-container-core-group-is-layout-5fdb10e5 wp-block-group-is-layout-grid\" style=\"padding-top:var(--wp--preset--spacing--50);padding-bottom:var(--wp--preset--spacing--50)\">\n<div class=\"wp-block-group is-vertical is-content-justification-stretch is-nowrap is-layout-flex wp-container-core-group-is-layout-627337ab wp-block-group-is-layout-flex\">\n<div class=\"wp-block-group is-vertical is-content-justification-left is-layout-flex wp-container-core-group-is-layout-dd225191 wp-block-group-is-layout-flex\">\n<h2 class=\"wp-block-heading is-style-text-annotation is-style-text-annotation--2\">\u00dcber uns<\/h2>\n\n\n\n<p class=\"is-style-text-subtitle is-style-text-subtitle--3\">Wir sind ein engagiertes B\u00fcndnis aus B\u00fcrgerinitiativen und Natur- sowie Landschaftsschutzvereinen in Bayern und den angrenzenden Bundesl\u00e4ndern. Gemeinsam setzen wir uns f\u00fcr den Erhalt unserer nat\u00fcrlichen Lebensgrundlagen und eine verantwortungsvolle Energiewende ein. Unser Ziel ist es, eine Stimme f\u00fcr Natur-, Landschafts- und Artenschutz zu sein und gleichzeitig eine nachhaltige und demokratisch getragene Energiepolitik zu f\u00f6rdern.<\/p>\n<\/div>\n\n\n\n<figure class=\"wp-block-image size-full\"><img loading=\"lazy\" decoding=\"async\" width=\"1280\" height=\"960\" src=\"https:\/\/buendnis-haltet-inne.de\/wp-content\/uploads\/2025\/07\/photo_2024-12-02_07-47-48.jpg\" alt=\"\" class=\"wp-image-22\" style=\"aspect-ratio:16\/9;object-fit:cover\" srcset=\"https:\/\/buendnis-haltet-inne.de\/wp-content\/uploads\/2025\/07\/photo_2024-12-02_07-47-48.jpg 1280w, https:\/\/buendnis-haltet-inne.de\/wp-content\/uploads\/2025\/07\/photo_2024-12-02_07-47-48-300x225.jpg 300w, https:\/\/buendnis-haltet-inne.de\/wp-content\/uploads\/2025\/07\/photo_2024-12-02_07-47-48-1024x768.jpg 1024w, https:\/\/buendnis-haltet-inne.de\/wp-content\/uploads\/2025\/07\/photo_2024-12-02_07-47-48-768x576.jpg 768w\" sizes=\"auto, (max-width: 1280px) 100vw, 1280px\" \/><\/figure>\n<\/div>\n\n\n\n<figure class=\"wp-block-image size-full\"><img loading=\"lazy\" decoding=\"async\" width=\"1280\" height=\"960\" src=\"https:\/\/buendnis-haltet-inne.de\/wp-content\/uploads\/2025\/07\/photo_2024-06-16_14-52-08.jpg\" alt=\"\" class=\"wp-image-21\" style=\"aspect-ratio:3\/4;object-fit:cover\" srcset=\"https:\/\/buendnis-haltet-inne.de\/wp-content\/uploads\/2025\/07\/photo_2024-06-16_14-52-08.jpg 1280w, https:\/\/buendnis-haltet-inne.de\/wp-content\/uploads\/2025\/07\/photo_2024-06-16_14-52-08-300x225.jpg 300w, https:\/\/buendnis-haltet-inne.de\/wp-content\/uploads\/2025\/07\/photo_2024-06-16_14-52-08-1024x768.jpg 1024w, https:\/\/buendnis-haltet-inne.de\/wp-content\/uploads\/2025\/07\/photo_2024-06-16_14-52-08-768x576.jpg 768w\" sizes=\"auto, (max-width: 1280px) 100vw, 1280px\" \/><\/figure>\n<\/div>\n<\/div>\n\n\n\n<div class=\"wp-block-group alignfull has-global-padding is-layout-constrained wp-block-group-is-layout-constrained\" style=\"margin-top:0;margin-bottom:0\">\n<div class=\"wp-block-group alignwide is-layout-flow wp-container-core-group-is-layout-d58a0413 wp-block-group-is-layout-flow\" style=\"padding-top:var(--wp--preset--spacing--50);padding-bottom:var(--wp--preset--spacing--50)\">\n<h2 class=\"wp-block-heading has-x-large-font-size\">H\u00e4ufig gestellte Fragen<\/h2>\n\n\n\n<div class=\"wp-block-columns is-layout-flex wp-container-core-columns-is-layout-cbe57604 wp-block-columns-is-layout-flex\">\n<div class=\"wp-block-column is-layout-flow wp-block-column-is-layout-flow\">\n<div class=\"wp-block-group is-layout-flow wp-block-group-is-layout-flow\" style=\"border-top-color:var(--wp--preset--color--accent-6);border-top-width:1px;padding-top:var(--wp--preset--spacing--30);padding-bottom:var(--wp--preset--spacing--30)\">\n<h3 class=\"wp-block-heading\">Was ist das Ziel des B\u00fcndnisses \u201eHALTET INNE \u2013 Windkraft braucht Grenzen\u201c?<\/h3>\n\n\n\n<p>Unser B\u00fcndnis setzt sich f\u00fcr eine verantwortungsvolle Energiewende ein, die Natur-, Landschafts- und Artenschutz ber\u00fccksichtigt. Wir fordern ein Moratorium f\u00fcr den weiteren Ausbau der Windkraft an Land, um eine fundierte Neuausrichtung nach der Bundestagswahl zu erm\u00f6glichen.<\/p>\n<\/div>\n<\/div>\n\n\n\n<div class=\"wp-block-column is-layout-flow wp-block-column-is-layout-flow\">\n<div class=\"wp-block-group is-layout-flow wp-block-group-is-layout-flow\" style=\"border-top-color:var(--wp--preset--color--accent-6);border-top-width:1px;padding-top:var(--wp--preset--spacing--30);padding-bottom:var(--wp--preset--spacing--30)\">\n<h3 class=\"wp-block-heading\">Warum fordert das B\u00fcndnis ein Moratorium f\u00fcr den Ausbau der Windkraft?<\/h3>\n\n\n\n<p>Wir sehen die Notwendigkeit eines Innehaltens, um aktuelle Planungen auf ihre Nachhaltigkeit und Wirtschaftlichkeit zu \u00fcberpr\u00fcfen. Ein Moratorium erm\u00f6glicht es, naturwissenschaftliche Erkenntnisse, rechtliche Rahmenbedingungen und gesellschaftliche Auswirkungen umfassend zu bewerten.<\/p>\n<\/div>\n<\/div>\n<\/div>\n\n\n\n<div class=\"wp-block-columns is-layout-flex wp-container-core-columns-is-layout-cbe57604 wp-block-columns-is-layout-flex\">\n<div class=\"wp-block-column is-layout-flow wp-block-column-is-layout-flow\">\n<div class=\"wp-block-group is-layout-flow wp-block-group-is-layout-flow\" style=\"border-top-color:var(--wp--preset--color--accent-6);border-top-width:1px;padding-top:var(--wp--preset--spacing--30);padding-bottom:var(--wp--preset--spacing--30)\">\n<h3 class=\"wp-block-heading\">Wie positioniert sich das B\u00fcndnis zur Energiewende?<\/h3>\n\n\n\n<p>Wir bef\u00fcrworten die Energiewende, jedoch mit Augenma\u00df und Verantwortung. Es geht uns darum, eine faire und sachorientierte Debatte zu f\u00fchren, die Alternativen einbezieht und bestehende Planungen kritisch hinterfragt, um eine sozial vertr\u00e4gliche und \u00f6kologisch sinnvolle Umsetzung zu gew\u00e4hrleisten.<\/p>\n<\/div>\n<\/div>\n\n\n\n<div class=\"wp-block-column is-layout-flow wp-block-column-is-layout-flow\">\n<div class=\"wp-block-group is-layout-flow wp-block-group-is-layout-flow\" style=\"border-top-color:var(--wp--preset--color--accent-6);border-top-width:1px;padding-top:var(--wp--preset--spacing--30);padding-bottom:var(--wp--preset--spacing--30)\">\n<h3 class=\"wp-block-heading\">Wie kann ich mich am B\u00fcndnis beteiligen oder es unterst\u00fctzen?<\/h3>\n\n\n\n<p>Sie k\u00f6nnen sich uns anschlie\u00dfen, indem Sie sich einer lokalen B\u00fcrgerinitiative oder einem Natur- und Landschaftsschutzverein in Ihrer N\u00e4he anschlie\u00dfen. Gemeinsam k\u00f6nnen wir uns f\u00fcr eine nachhaltige Energiepolitik und den Erhalt unserer nat\u00fcrlichen Lebensgrundlagen einsetzen. Besuchen Sie unsere Website f\u00fcr weitere Informationen und Kontaktm\u00f6glichkeiten.<\/p>\n<\/div>\n<\/div>\n<\/div>\n<\/div>\n<\/div>\n\n\n\n<div class=\"wp-block-group alignfull has-global-padding is-layout-constrained wp-container-core-group-is-layout-08655630 wp-block-group-is-layout-constrained\" style=\"margin-top:0;margin-bottom:0;padding-top:var(--wp--preset--spacing--80);padding-bottom:var(--wp--preset--spacing--80)\">\n<div class=\"wp-block-group alignwide is-layout-flow wp-block-group-is-layout-flow\">\n<p class=\"has-text-align-center is-style-text-display is-style-text-display--4\" style=\"font-style:normal;font-weight:400\">Noch Fragen? <br><a href=\"https:\/\/buendnis-haltet-inne.de\/index.php\/kontakt\/\" rel=\"nofollow\">Kontaktieren Sie uns jederzeit.<\/a><\/p>\n\n\n\n<div style=\"height:var(--wp--preset--spacing--40)\" aria-hidden=\"true\" class=\"wp-block-spacer\"><\/div>\n<\/div>\n<\/div>\n","protected":false},"excerpt":{"rendered":"<p>Energiewende mit Verantwortung Die Energiewende ist ein entscheidender Schritt in Richtung einer nachhaltigen Zukunft, doch sie muss mit Bedacht und Verantwortung umgesetzt werden. W\u00e4hrend wir uns f\u00fcr saubere Energiequellen einsetzen, d\u00fcrfen wir nicht die Augen vor den Auswirkungen auf unsere Natur verschlie\u00dfen. Es ist von gr\u00f6\u00dfter Bedeutung, dass wir die Sch\u00f6nheit und Vielfalt unserer Landschaften [&hellip;]<\/p>\n","protected":false},"author":1,"featured_media":0,"parent":0,"menu_order":0,"comment_status":"closed","ping_status":"closed","template":"page-no-title","meta":{"footnotes":""},"class_list":["post-19","page","type-page","status-publish","hentry"],"_links":{"self":[{"href":"https:\/\/buendnis-haltet-inne.de\/index.php\/wp-json\/wp\/v2\/pages\/19","targetHints":{"allow":["GET"]}}],"collection":[{"href":"https:\/\/buendnis-haltet-inne.de\/index.php\/wp-json\/wp\/v2\/pages"}],"about":[{"href":"https:\/\/buendnis-haltet-inne.de\/index.php\/wp-json\/wp\/v2\/types\/page"}],"author":[{"embeddable":true,"href":"https:\/\/buendnis-haltet-inne.de\/index.php\/wp-json\/wp\/v2\/users\/1"}],"replies":[{"embeddable":true,"href":"https:\/\/buendnis-haltet-inne.de\/index.php\/wp-json\/wp\/v2\/comments?post=19"}],"version-history":[{"count":5,"href":"https:\/\/buendnis-haltet-inne.de\/index.php\/wp-json\/wp\/v2\/pages\/19\/revisions"}],"predecessor-version":[{"id":66,"href":"https:\/\/buendnis-haltet-inne.de\/index.php\/wp-json\/wp\/v2\/pages\/19\/revisions\/66"}],"wp:attachment":[{"href":"https:\/\/buendnis-haltet-inne.de\/index.php\/wp-json\/wp\/v2\/media?parent=19"}],"curies":[{"name":"wp","href":"https:\/\/api.w.org\/{rel}","templated":true}]}}